{"id":1684,"date":"2020-11-22T12:41:04","date_gmt":"2020-11-22T12:41:04","guid":{"rendered":"https:\/\/www.metalmyd.com\/?page_id=1684"},"modified":"2020-11-22T12:43:32","modified_gmt":"2020-11-22T12:43:32","slug":"web-forms","status":"publish","type":"page","link":"https:\/\/www.metalmyd.com\/en\/web-forms\/","title":{"rendered":"WEB FORMS"},"content":{"rendered":"\t\t<div data-elementor-type=\"wp-page\" data-elementor-id=\"1684\" class=\"elementor elementor-1684 elementor-996\" data-elementor-post-type=\"page\">\n\t\t\t\t\t\t<section data-particle_enable=\"false\" data-particle-mobile-disabled=\"false\" class=\"elementor-section elementor-top-section elementor-element elementor-element-765a3eb3 elementor-section-height-min-height elementor-section-content-bottom elementor-section-boxed elementor-section-height-default elementor-section-items-middle\" data-id=\"765a3eb3\" data-element_type=\"section\" data-e-type=\"section\" data-settings=\"{&quot;background_background&quot;:&quot;classic&quot;,&quot;jet_parallax_layout_list&quot;:[]}\">\n\t\t\t\t\t\t\t<div class=\"elementor-background-overlay\"><\/div>\n\t\t\t\t\t\t\t<div class=\"elementor-container elementor-column-gap-default\">\n\t\t\t\t\t<div class=\"elementor-column elementor-col-100 elementor-top-column elementor-element elementor-element-699509f\" data-id=\"699509f\" data-element_type=\"column\" data-e-type=\"column\">\n\t\t\t<div class=\"elementor-widget-wrap elementor-element-populated\">\n\t\t\t\t\t\t<div class=\"elementor-element elementor-element-4199361 elementor-widget elementor-widget-heading\" data-id=\"4199361\" data-element_type=\"widget\" data-e-type=\"widget\" data-widget_type=\"heading.default\">\n\t\t\t\t<div class=\"elementor-widget-container\">\n\t\t\t\t\t<h2 class=\"elementor-heading-title elementor-size-default\">INFORMATION AND CONSENT\nIN WEB FORMS<br>\nCONTACT FORM<\/h2>\t\t\t\t<\/div>\n\t\t\t\t<\/div>\n\t\t\t\t\t<\/div>\n\t\t<\/div>\n\t\t\t\t\t<\/div>\n\t\t<\/section>\n\t\t\t\t<section data-particle_enable=\"false\" data-particle-mobile-disabled=\"false\" class=\"elementor-section elementor-top-section elementor-element elementor-element-1c590e0d elementor-section-height-min-height elementor-section-full_width elementor-section-items-stretch elementor-section-content-bottom elementor-section-height-default\" data-id=\"1c590e0d\" data-element_type=\"section\" data-e-type=\"section\" data-settings=\"{&quot;background_background&quot;:&quot;classic&quot;,&quot;jet_parallax_layout_list&quot;:[]}\">\n\t\t\t\t\t\t<div class=\"elementor-container elementor-column-gap-no\">\n\t\t\t\t\t<div class=\"elementor-column elementor-col-100 elementor-top-column elementor-element elementor-element-3e2168e9\" data-id=\"3e2168e9\" data-element_type=\"column\" data-e-type=\"column\">\n\t\t\t<div class=\"elementor-widget-wrap elementor-element-populated\">\n\t\t\t\t\t\t<section data-particle_enable=\"false\" data-particle-mobile-disabled=\"false\" class=\"elementor-section elementor-inner-section elementor-element elementor-element-d32cadd elementor-section-boxed elementor-section-height-default elementor-section-height-default\" data-id=\"d32cadd\" data-element_type=\"section\" data-e-type=\"section\" data-settings=\"{&quot;jet_parallax_layout_list&quot;:[]}\">\n\t\t\t\t\t\t<div class=\"elementor-container elementor-column-gap-default\">\n\t\t\t\t\t<div class=\"elementor-column elementor-col-100 elementor-inner-column elementor-element elementor-element-deafda8\" data-id=\"deafda8\" data-element_type=\"column\" data-e-type=\"column\">\n\t\t\t<div class=\"elementor-widget-wrap elementor-element-populated\">\n\t\t\t\t\t\t<div class=\"elementor-element elementor-element-85812d9 elementor-widget elementor-widget-spacer\" data-id=\"85812d9\" data-element_type=\"widget\" data-e-type=\"widget\" data-widget_type=\"spacer.default\">\n\t\t\t\t<div class=\"elementor-widget-container\">\n\t\t\t\t\t\t\t<div class=\"elementor-spacer\">\n\t\t\t<div class=\"elementor-spacer-inner\"><\/div>\n\t\t<\/div>\n\t\t\t\t\t\t<\/div>\n\t\t\t\t<\/div>\n\t\t\t\t<div class=\"elementor-element elementor-element-f31ba23 elementor-widget elementor-widget-heading\" data-id=\"f31ba23\" data-element_type=\"widget\" data-e-type=\"widget\" data-widget_type=\"heading.default\">\n\t\t\t\t<div class=\"elementor-widget-container\">\n\t\t\t\t\t<h2 class=\"elementor-heading-title elementor-size-default\">CONTACT FORM\n<\/h2>\t\t\t\t<\/div>\n\t\t\t\t<\/div>\n\t\t\t\t<div class=\"elementor-element elementor-element-018b1ca elementor-widget elementor-widget-text-editor\" data-id=\"018b1ca\" data-element_type=\"widget\" data-e-type=\"widget\" data-widget_type=\"text-editor.default\">\n\t\t\t\t<div class=\"elementor-widget-container\">\n\t\t\t\t\t\t\t\t\t<div class=\"page\" title=\"Page 2\"><div class=\"layoutArea\"><div class=\"column\">\u00a0<\/div><\/div><div class=\"layoutArea\"><div class=\"column\"><p>The personal data requested through this form are the minimum necessary to tender your request and will be processed by METALURG\u00cdCA Y DECORACI\u00d3N S.L. CIF B13242086 address at POLG. IND. ALCES, CALLE AIR\u00c9N, 6 ALC\u00c1ZAR DE SAN JUAN C. REAL, ALCAZAR DE SAN JUAN (CIUDAD REAL), 13600 in accordance with the provisions of our PRIVACY POLICY in order to be able to answer any questions you make from this form.<\/p><p>The data collected by this form will not be transferred to third parties except by legal obligation.<\/p><p>We remind you that you have the right to access, rectification, limitation of treatment, deletion, portability and opposition to the treatment of your data by directing your request to the indicated postal address or to the email METALMYD@METALMYD.COM. You can also contact us for any additional clarification.<\/p><p>[] I have read and accept the PRIVACY POLICY (required to send the form) [] I wish to receive commercial information about products \/ services<\/p><\/div><\/div><\/div>\t\t\t\t\t\t\t\t<\/div>\n\t\t\t\t<\/div>\n\t\t\t\t<div class=\"elementor-element elementor-element-99e32ba elementor-widget elementor-widget-heading\" data-id=\"99e32ba\" data-element_type=\"widget\" data-e-type=\"widget\" data-widget_type=\"heading.default\">\n\t\t\t\t<div class=\"elementor-widget-container\">\n\t\t\t\t\t<h2 class=\"elementor-heading-title elementor-size-default\">PURCHASE FORM\n<\/h2>\t\t\t\t<\/div>\n\t\t\t\t<\/div>\n\t\t\t\t<div class=\"elementor-element elementor-element-1ce0894 elementor-widget elementor-widget-text-editor\" data-id=\"1ce0894\" data-element_type=\"widget\" data-e-type=\"widget\" data-widget_type=\"text-editor.default\">\n\t\t\t\t<div class=\"elementor-widget-container\">\n\t\t\t\t\t\t\t\t\t<div class=\"page\" title=\"Page 2\">\n<div class=\"layoutArea\">\n<div class=\"column\">\n<p>The personal data requested through this form are the minimum necessary to meet your request and will be processed by METALURG\u00cdCA Y DECORACI\u00d3N S.L. CIF B13242086 address at POLG. IND. ALCES, CALLE AIR\u00c9N, 6 ALC\u00c1ZAR DE SAN JUAN C. REAL, ALCAZAR DE SAN JUAN (CIUDAD REAL), 13600 in accordance with the provisions of our PRIVACY POLICY and in accordance with the TERMS and CONDITIONS OF PURCHASE described, in order to be able to attend your order, send you the products \/ services purchased through the web, prepare the corresponding invoices, track your orders and all the procedures that arise from the contractual relationship that begins after the formalization of the online purchase.<\/p>\n<p>The data collected by this form will not be transferred to third parties except by legal obligation or those in charge of the treatment necessary to complete the order (carrier for example)<\/p>\n<p>We remind you that you have the right to access, rectification, limitation of treatment, deletion, portability and opposition to the treatment of your data by directing your request to the indicated postal address or to the email METALMYD@METALMYD.COM. You can also contact us for any additional clarification.<\/p>\n<p>[] I have read and accept the PRIVACY POLICY and THE TERMS AND CONDITIONS OF PURCHASE (required to send the form)<br>[] I wish to receive commercial information on products \/ services<\/p>\n<\/div>\n<\/div>\n<div class=\"layoutArea\">\n<div class=\"column\">\n<p><br><\/p>\n<\/div>\n<\/div>\n<\/div>\t\t\t\t\t\t\t\t<\/div>\n\t\t\t\t<\/div>\n\t\t\t\t\t<\/div>\n\t\t<\/div>\n\t\t\t\t\t<\/div>\n\t\t<\/section>\n\t\t\t\t<div class=\"elementor-element elementor-element-7b2f1576 elementor-widget elementor-widget-spacer\" data-id=\"7b2f1576\" data-element_type=\"widget\" data-e-type=\"widget\" data-widget_type=\"spacer.default\">\n\t\t\t\t<div class=\"elementor-widget-container\">\n\t\t\t\t\t\t\t<div class=\"elementor-spacer\">\n\t\t\t<div class=\"elementor-spacer-inner\"><\/div>\n\t\t<\/div>\n\t\t\t\t\t\t<\/div>\n\t\t\t\t<\/div>\n\t\t\t\t\t<\/div>\n\t\t<\/div>\n\t\t\t\t\t<\/div>\n\t\t<\/section>\n\t\t\t\t<\/div>\n\t\t","protected":false},"excerpt":{"rendered":"<p>INFORMATION AND CONSENT IN WEB FORMS CONTACT FORM CONTACT FORM \u00a0 The personal data requested through this form are the minimum necessary to tender your request and will be processed by METALURG\u00cdCA Y DECORACI\u00d3N S.L. CIF B13242086 address at POLG. IND. ALCES, CALLE AIR\u00c9N, 6 ALC\u00c1ZAR DE SAN JUAN C. REAL, ALCAZAR DE SAN JUAN [&hellip;]<\/p>\n","protected":false},"author":1,"featured_media":0,"parent":0,"menu_order":0,"comment_status":"closed","ping_status":"closed","template":"elementor_header_footer","meta":{"footnotes":""},"class_list":["post-1684","page","type-page","status-publish","hentry"],"yoast_head":"\n<title>WEB FORMS - MYD Metal y Decoraci\u00f3n<\/title>\n<meta name=\"robots\" content=\"index, follow, max-snippet:-1, max-image-preview:large, max-video-preview:-1\" \/>\n<link rel=\"canonical\" href=\"https:\/\/www.metalmyd.com\/en\/web-forms\/\" \/>\n<meta property=\"og:locale\" content=\"en_US\" \/>\n<meta property=\"og:type\" content=\"article\" \/>\n<meta property=\"og:title\" content=\"WEB FORMS - MYD Metal y Decoraci\u00f3n\" \/>\n<meta property=\"og:description\" content=\"INFORMATION AND CONSENT IN WEB FORMS CONTACT FORM CONTACT FORM \u00a0 The personal data requested through this form are the minimum necessary to tender your request and will be processed by METALURG\u00cdCA Y DECORACI\u00d3N S.L. CIF B13242086 address at POLG. IND. ALCES, CALLE AIR\u00c9N, 6 ALC\u00c1ZAR DE SAN JUAN C. REAL, ALCAZAR DE SAN JUAN [&hellip;]\" \/>\n<meta property=\"og:url\" content=\"https:\/\/www.metalmyd.com\/en\/web-forms\/\" \/>\n<meta property=\"og:site_name\" content=\"MYD Metal y Decoraci\u00f3n\" \/>\n<meta property=\"article:publisher\" content=\"https:\/\/www.facebook.com\/MYDEstructurasMetalicas\" \/>\n<meta property=\"article:modified_time\" content=\"2020-11-22T12:43:32+00:00\" \/>\n<meta name=\"twitter:card\" content=\"summary_large_image\" \/>\n<meta name=\"twitter:label1\" content=\"Est. reading time\" \/>\n\t<meta name=\"twitter:data1\" content=\"2 minutes\" \/>\n<script type=\"application\/ld+json\" class=\"yoast-schema-graph\">{\"@context\":\"https:\\\/\\\/schema.org\",\"@graph\":[{\"@type\":\"WebPage\",\"@id\":\"https:\\\/\\\/www.metalmyd.com\\\/en\\\/web-forms\\\/\",\"url\":\"https:\\\/\\\/www.metalmyd.com\\\/en\\\/web-forms\\\/\",\"name\":\"WEB FORMS - MYD Metal y Decoraci\u00f3n\",\"isPartOf\":{\"@id\":\"https:\\\/\\\/www.metalmyd.com\\\/en\\\/#website\"},\"datePublished\":\"2020-11-22T12:41:04+00:00\",\"dateModified\":\"2020-11-22T12:43:32+00:00\",\"breadcrumb\":{\"@id\":\"https:\\\/\\\/www.metalmyd.com\\\/en\\\/web-forms\\\/#breadcrumb\"},\"inLanguage\":\"en-US\",\"potentialAction\":[{\"@type\":\"ReadAction\",\"target\":[\"https:\\\/\\\/www.metalmyd.com\\\/en\\\/web-forms\\\/\"]}]},{\"@type\":\"BreadcrumbList\",\"@id\":\"https:\\\/\\\/www.metalmyd.com\\\/en\\\/web-forms\\\/#breadcrumb\",\"itemListElement\":[{\"@type\":\"ListItem\",\"position\":1,\"name\":\"Portada\",\"item\":\"https:\\\/\\\/www.metalmyd.com\\\/en\\\/\"},{\"@type\":\"ListItem\",\"position\":2,\"name\":\"WEB FORMS\"}]},{\"@type\":\"WebSite\",\"@id\":\"https:\\\/\\\/www.metalmyd.com\\\/en\\\/#website\",\"url\":\"https:\\\/\\\/www.metalmyd.com\\\/en\\\/\",\"name\":\"MYD Metal y Decoraci\u00f3n\",\"description\":\"Estructuras Met\u00e1licas\",\"publisher\":{\"@id\":\"https:\\\/\\\/www.metalmyd.com\\\/en\\\/#organization\"},\"potentialAction\":[{\"@type\":\"SearchAction\",\"target\":{\"@type\":\"EntryPoint\",\"urlTemplate\":\"https:\\\/\\\/www.metalmyd.com\\\/en\\\/?s={search_term_string}\"},\"query-input\":{\"@type\":\"PropertyValueSpecification\",\"valueRequired\":true,\"valueName\":\"search_term_string\"}}],\"inLanguage\":\"en-US\"},{\"@type\":\"Organization\",\"@id\":\"https:\\\/\\\/www.metalmyd.com\\\/en\\\/#organization\",\"name\":\"M&D Estructuras Met\u00e1licas\",\"url\":\"https:\\\/\\\/www.metalmyd.com\\\/en\\\/\",\"logo\":{\"@type\":\"ImageObject\",\"inLanguage\":\"en-US\",\"@id\":\"https:\\\/\\\/www.metalmyd.com\\\/en\\\/#\\\/schema\\\/logo\\\/image\\\/\",\"url\":\"https:\\\/\\\/www.metalmyd.com\\\/wp-content\\\/uploads\\\/2020\\\/07\\\/logo-color.png\",\"contentUrl\":\"https:\\\/\\\/www.metalmyd.com\\\/wp-content\\\/uploads\\\/2020\\\/07\\\/logo-color.png\",\"width\":878,\"height\":428,\"caption\":\"M&D Estructuras Met\u00e1licas\"},\"image\":{\"@id\":\"https:\\\/\\\/www.metalmyd.com\\\/en\\\/#\\\/schema\\\/logo\\\/image\\\/\"},\"sameAs\":[\"https:\\\/\\\/www.facebook.com\\\/MYDEstructurasMetalicas\",\"https:\\\/\\\/www.instagram.com\\\/metalmyd\\\/\",\"https:\\\/\\\/www.youtube.com\\\/channel\\\/UCj9Xwwz4xF0LZVhZkJ1pvWQ\"]}]}<\/script>\n","yoast_head_json":{"title":"WEB FORMS - MYD Metal y Decoraci\u00f3n","robots":{"index":"index","follow":"follow","max-snippet":"max-snippet:-1","max-image-preview":"max-image-preview:large","max-video-preview":"max-video-preview:-1"},"canonical":"https:\/\/www.metalmyd.com\/en\/web-forms\/","og_locale":"en_US","og_type":"article","og_title":"WEB FORMS - MYD Metal y Decoraci\u00f3n","og_description":"INFORMATION AND CONSENT IN WEB FORMS CONTACT FORM CONTACT FORM \u00a0 The personal data requested through this form are the minimum necessary to tender your request and will be processed by METALURG\u00cdCA Y DECORACI\u00d3N S.L. CIF B13242086 address at POLG. IND. ALCES, CALLE AIR\u00c9N, 6 ALC\u00c1ZAR DE SAN JUAN C. REAL, ALCAZAR DE SAN JUAN [&hellip;]","og_url":"https:\/\/www.metalmyd.com\/en\/web-forms\/","og_site_name":"MYD Metal y Decoraci\u00f3n","article_publisher":"https:\/\/www.facebook.com\/MYDEstructurasMetalicas","article_modified_time":"2020-11-22T12:43:32+00:00","twitter_card":"summary_large_image","twitter_misc":{"Est. reading time":"2 minutes"},"schema":{"@context":"https:\/\/schema.org","@graph":[{"@type":"WebPage","@id":"https:\/\/www.metalmyd.com\/en\/web-forms\/","url":"https:\/\/www.metalmyd.com\/en\/web-forms\/","name":"WEB FORMS - MYD Metal y Decoraci\u00f3n","isPartOf":{"@id":"https:\/\/www.metalmyd.com\/en\/#website"},"datePublished":"2020-11-22T12:41:04+00:00","dateModified":"2020-11-22T12:43:32+00:00","breadcrumb":{"@id":"https:\/\/www.metalmyd.com\/en\/web-forms\/#breadcrumb"},"inLanguage":"en-US","potentialAction":[{"@type":"ReadAction","target":["https:\/\/www.metalmyd.com\/en\/web-forms\/"]}]},{"@type":"BreadcrumbList","@id":"https:\/\/www.metalmyd.com\/en\/web-forms\/#breadcrumb","itemListElement":[{"@type":"ListItem","position":1,"name":"Portada","item":"https:\/\/www.metalmyd.com\/en\/"},{"@type":"ListItem","position":2,"name":"WEB FORMS"}]},{"@type":"WebSite","@id":"https:\/\/www.metalmyd.com\/en\/#website","url":"https:\/\/www.metalmyd.com\/en\/","name":"MYD Metal y Decoraci\u00f3n","description":"Estructuras Met\u00e1licas","publisher":{"@id":"https:\/\/www.metalmyd.com\/en\/#organization"},"potentialAction":[{"@type":"SearchAction","target":{"@type":"EntryPoint","urlTemplate":"https:\/\/www.metalmyd.com\/en\/?s={search_term_string}"},"query-input":{"@type":"PropertyValueSpecification","valueRequired":true,"valueName":"search_term_string"}}],"inLanguage":"en-US"},{"@type":"Organization","@id":"https:\/\/www.metalmyd.com\/en\/#organization","name":"M&D Estructuras Met\u00e1licas","url":"https:\/\/www.metalmyd.com\/en\/","logo":{"@type":"ImageObject","inLanguage":"en-US","@id":"https:\/\/www.metalmyd.com\/en\/#\/schema\/logo\/image\/","url":"https:\/\/www.metalmyd.com\/wp-content\/uploads\/2020\/07\/logo-color.png","contentUrl":"https:\/\/www.metalmyd.com\/wp-content\/uploads\/2020\/07\/logo-color.png","width":878,"height":428,"caption":"M&D Estructuras Met\u00e1licas"},"image":{"@id":"https:\/\/www.metalmyd.com\/en\/#\/schema\/logo\/image\/"},"sameAs":["https:\/\/www.facebook.com\/MYDEstructurasMetalicas","https:\/\/www.instagram.com\/metalmyd\/","https:\/\/www.youtube.com\/channel\/UCj9Xwwz4xF0LZVhZkJ1pvWQ"]}]}},"_links":{"self":[{"href":"https:\/\/www.metalmyd.com\/en\/wp-json\/wp\/v2\/pages\/1684","targetHints":{"allow":["GET"]}}],"collection":[{"href":"https:\/\/www.metalmyd.com\/en\/wp-json\/wp\/v2\/pages"}],"about":[{"href":"https:\/\/www.metalmyd.com\/en\/wp-json\/wp\/v2\/types\/page"}],"author":[{"embeddable":true,"href":"https:\/\/www.metalmyd.com\/en\/wp-json\/wp\/v2\/users\/1"}],"replies":[{"embeddable":true,"href":"https:\/\/www.metalmyd.com\/en\/wp-json\/wp\/v2\/comments?post=1684"}],"version-history":[{"count":0,"href":"https:\/\/www.metalmyd.com\/en\/wp-json\/wp\/v2\/pages\/1684\/revisions"}],"wp:attachment":[{"href":"https:\/\/www.metalmyd.com\/en\/wp-json\/wp\/v2\/media?parent=1684"}],"curies":[{"name":"wp","href":"https:\/\/api.w.org\/{rel}","templated":true}]}}