{"id":1459,"date":"2020-11-21T19:47:32","date_gmt":"2020-11-21T19:47:32","guid":{"rendered":"https:\/\/www.metalmyd.com\/?page_id=1459"},"modified":"2020-11-21T21:30:38","modified_gmt":"2020-11-21T21:30:38","slug":"industrial-units","status":"publish","type":"page","link":"https:\/\/www.metalmyd.com\/en\/industrial-units\/","title":{"rendered":"Poultry and livestock farms"},"content":{"rendered":"\t\t<div data-elementor-type=\"wp-page\" data-elementor-id=\"1459\" class=\"elementor elementor-1459 elementor-810\" data-elementor-post-type=\"page\">\n\t\t\t\t\t\t<section data-particle_enable=\"false\" data-particle-mobile-disabled=\"false\" class=\"elementor-section elementor-top-section elementor-element elementor-element-15b4ffa6 elementor-section-height-min-height elementor-section-content-bottom elementor-section-boxed elementor-section-height-default elementor-section-items-middle\" data-id=\"15b4ffa6\" data-element_type=\"section\" data-e-type=\"section\" data-settings=\"{&quot;background_background&quot;:&quot;classic&quot;,&quot;jet_parallax_layout_list&quot;:[]}\">\n\t\t\t\t\t\t\t<div class=\"elementor-background-overlay\"><\/div>\n\t\t\t\t\t\t\t<div class=\"elementor-container elementor-column-gap-default\">\n\t\t\t\t\t<div class=\"elementor-column elementor-col-100 elementor-top-column elementor-element elementor-element-656c0e09\" data-id=\"656c0e09\" data-element_type=\"column\" data-e-type=\"column\">\n\t\t\t<div class=\"elementor-widget-wrap elementor-element-populated\">\n\t\t\t\t\t\t<div class=\"elementor-element elementor-element-6aba2e1d elementor-widget elementor-widget-heading\" data-id=\"6aba2e1d\" data-element_type=\"widget\" data-e-type=\"widget\" data-widget_type=\"heading.default\">\n\t\t\t\t<div class=\"elementor-widget-container\">\n\t\t\t\t\t<h2 class=\"elementor-heading-title elementor-size-default\"><b>Poultry and <\/b>livestock farms<\/h2>\t\t\t\t<\/div>\n\t\t\t\t<\/div>\n\t\t\t\t\t<\/div>\n\t\t<\/div>\n\t\t\t\t\t<\/div>\n\t\t<\/section>\n\t\t\t\t<section data-particle_enable=\"false\" data-particle-mobile-disabled=\"false\" class=\"elementor-section elementor-top-section elementor-element elementor-element-18510cc elementor-section-boxed elementor-section-height-default elementor-section-height-default\" data-id=\"18510cc\" data-element_type=\"section\" data-e-type=\"section\" data-settings=\"{&quot;jet_parallax_layout_list&quot;:[]}\">\n\t\t\t\t\t\t<div class=\"elementor-container elementor-column-gap-default\">\n\t\t\t\t\t<div class=\"elementor-column elementor-col-100 elementor-top-column elementor-element elementor-element-1a7fcbf\" data-id=\"1a7fcbf\" data-element_type=\"column\" data-e-type=\"column\">\n\t\t\t<div class=\"elementor-widget-wrap\">\n\t\t\t\t\t\t\t<\/div>\n\t\t<\/div>\n\t\t\t\t\t<\/div>\n\t\t<\/section>\n\t\t\t\t<section data-particle_enable=\"false\" data-particle-mobile-disabled=\"false\" class=\"elementor-section elementor-top-section elementor-element elementor-element-1dff684 elementor-section-full_width elementor-section-height-min-height elementor-section-height-default elementor-section-items-middle\" data-id=\"1dff684\" data-element_type=\"section\" data-e-type=\"section\" data-settings=\"{&quot;jet_parallax_layout_list&quot;:[]}\">\n\t\t\t\t\t\t<div class=\"elementor-container elementor-column-gap-default\">\n\t\t\t\t\t<div class=\"elementor-column elementor-col-100 elementor-top-column elementor-element elementor-element-3f8e522\" data-id=\"3f8e522\" data-element_type=\"column\" data-e-type=\"column\">\n\t\t\t<div class=\"elementor-widget-wrap elementor-element-populated\">\n\t\t\t\t\t\t<div class=\"elementor-element elementor-element-91d01f4 elementor-widget elementor-widget-shortcode\" data-id=\"91d01f4\" data-element_type=\"widget\" data-e-type=\"widget\" data-widget_type=\"shortcode.default\">\n\t\t\t\t<div class=\"elementor-widget-container\">\n\t\t\t\t\t\t\t<div class=\"elementor-shortcode\">\t\t<div data-elementor-type=\"section\" data-elementor-id=\"1269\" class=\"elementor elementor-1269 elementor-608 elementor-608\" data-elementor-post-type=\"elementor_library\">\n\t\t\t\t\t<section data-particle_enable=\"false\" data-particle-mobile-disabled=\"false\" class=\"elementor-section elementor-top-section elementor-element elementor-element-45a38be elementor-section-height-min-height elementor-section-boxed elementor-section-height-default elementor-section-items-middle\" data-id=\"45a38be\" data-element_type=\"section\" data-e-type=\"section\" data-settings=\"{&quot;background_background&quot;:&quot;classic&quot;,&quot;jet_parallax_layout_list&quot;:[]}\">\n\t\t\t\t\t\t\t<div class=\"elementor-background-overlay\"><\/div>\n\t\t\t\t\t\t\t<div class=\"elementor-container elementor-column-gap-default\">\n\t\t\t\t\t<div class=\"elementor-column elementor-col-100 elementor-top-column elementor-element elementor-element-dc6b2e3\" data-id=\"dc6b2e3\" data-element_type=\"column\" data-e-type=\"column\">\n\t\t\t<div class=\"elementor-widget-wrap elementor-element-populated\">\n\t\t\t\t\t\t<div class=\"elementor-element elementor-element-cbe382a elementor-widget elementor-widget-heading\" data-id=\"cbe382a\" data-element_type=\"widget\" data-e-type=\"widget\" data-widget_type=\"heading.default\">\n\t\t\t\t<div class=\"elementor-widget-container\">\n\t\t\t\t\t<h2 class=\"elementor-heading-title elementor-size-default\">Request our advice with no obligation.<\/h2>\t\t\t\t<\/div>\n\t\t\t\t<\/div>\n\t\t\t\t<div class=\"elementor-element elementor-element-d7b3ff8 elementor-widget elementor-widget-text-editor\" data-id=\"d7b3ff8\" data-element_type=\"widget\" data-e-type=\"widget\" data-widget_type=\"text-editor.default\">\n\t\t\t\t<div class=\"elementor-widget-container\">\n\t\t\t\t\t\t\t\t\t<p>Leave us your contact details and we will contact you as soon as possible.<\/p>\t\t\t\t\t\t\t\t<\/div>\n\t\t\t\t<\/div>\n\t\t\t\t<div class=\"elementor-element elementor-element-e435b1f elementor-button-align-center elementor-widget elementor-widget-form\" data-id=\"e435b1f\" data-element_type=\"widget\" data-e-type=\"widget\" data-settings=\"{&quot;step_next_label&quot;:&quot;Next&quot;,&quot;step_previous_label&quot;:&quot;Previous&quot;,&quot;button_width&quot;:&quot;100&quot;,&quot;step_type&quot;:&quot;number_text&quot;,&quot;step_icon_shape&quot;:&quot;circle&quot;}\" data-widget_type=\"form.default\">\n\t\t\t\t<div class=\"elementor-widget-container\">\n\t\t\t\t\t\t\t<form class=\"elementor-form\" method=\"post\" name=\"Nuevo Formulario\" aria-label=\"Nuevo Formulario\">\n\t\t\t<input type=\"hidden\" name=\"post_id\" value=\"1269\"\/>\n\t\t\t<input type=\"hidden\" name=\"form_id\" value=\"e435b1f\"\/>\n\t\t\t<input type=\"hidden\" name=\"referer_title\" value=\"Other buildings - MYD Metal y Decoraci\u00f3n\" \/>\n\n\t\t\t\t\t\t\t<input type=\"hidden\" name=\"queried_id\" value=\"1488\"\/>\n\t\t\t\n\t\t\t<div class=\"elementor-form-fields-wrapper elementor-labels-above\">\n\t\t\t\t\t\t\t\t<div class=\"elementor-field-type-text elementor-field-group elementor-column elementor-field-group-name elementor-col-25 elementor-md-50\">\n\t\t\t\t\t\t\t\t\t\t\t\t\t<input size=\"1\" type=\"text\" name=\"form_fields[name]\" id=\"form-field-name\" class=\"elementor-field elementor-size-sm elementor-field-textual\" placeholder=\"Name\">\n\t\t\t\t\t\t\t\t\t\t\t<\/div>\n\t\t\t\t\t\t\t\t<div class=\"elementor-field-type-email elementor-field-group elementor-column elementor-field-group-field_809b0c6 elementor-col-25 elementor-md-50\">\n\t\t\t\t\t\t\t\t\t\t\t\t\t<input size=\"1\" type=\"email\" name=\"form_fields[field_809b0c6]\" id=\"form-field-field_809b0c6\" class=\"elementor-field elementor-size-sm elementor-field-textual\" placeholder=\"Email:\">\n\t\t\t\t\t\t\t\t\t\t\t<\/div>\n\t\t\t\t\t\t\t\t<div class=\"elementor-field-type-text elementor-field-group elementor-column elementor-field-group-field_e7334a0 elementor-col-25 elementor-md-50\">\n\t\t\t\t\t\t\t\t\t\t\t\t\t<input size=\"1\" type=\"text\" name=\"form_fields[field_e7334a0]\" id=\"form-field-field_e7334a0\" class=\"elementor-field elementor-size-sm elementor-field-textual\" placeholder=\"Phone\">\n\t\t\t\t\t\t\t\t\t\t\t<\/div>\n\t\t\t\t\t\t\t\t<div class=\"elementor-field-type-acceptance elementor-field-group elementor-column elementor-field-group-field_039962c elementor-col-25 elementor-md-50 elementor-field-required\">\n\t\t\t\t\t\t\t<div class=\"elementor-field-subgroup\">\n\t\t\t<span class=\"elementor-field-option\">\n\t\t\t\t<input type=\"checkbox\" name=\"form_fields[field_039962c]\" id=\"form-field-field_039962c\" class=\"elementor-field elementor-size-sm elementor-acceptance-field\" required=\"required\">\n\t\t\t\t<label for=\"form-field-field_039962c\">I have read and accepted the privacy policy<\/label>\t\t\t<\/span>\n\t\t<\/div>\n\t\t\t\t\t\t<\/div>\n\t\t\t\t\t\t\t\t<div class=\"elementor-field-group elementor-column elementor-field-type-submit elementor-col-100 e-form__buttons\">\n\t\t\t\t\t<button class=\"elementor-button elementor-size-md\" type=\"submit\">\n\t\t\t\t\t\t<span class=\"elementor-button-content-wrapper\">\n\t\t\t\t\t\t\t\t\t\t\t\t\t\t\t\t\t\t\t\t\t\t<span class=\"elementor-button-text\">Send<\/span>\n\t\t\t\t\t\t\t\t\t\t\t\t\t<\/span>\n\t\t\t\t\t<\/button>\n\t\t\t\t<\/div>\n\t\t\t<\/div>\n\t\t<\/form>\n\t\t\t\t\t\t<\/div>\n\t\t\t\t<\/div>\n\t\t\t\t<div class=\"elementor-element elementor-element-ae6c3b7 elementor-icon-list--layout-inline elementor-mobile-align-center elementor-align-center elementor-list-item-link-full_width elementor-widget elementor-widget-icon-list\" data-id=\"ae6c3b7\" data-element_type=\"widget\" data-e-type=\"widget\" data-widget_type=\"icon-list.default\">\n\t\t\t\t<div class=\"elementor-widget-container\">\n\t\t\t\t\t\t\t<ul class=\"elementor-icon-list-items elementor-inline-items\">\n\t\t\t\t\t\t\t<li class=\"elementor-icon-list-item elementor-inline-item\">\n\t\t\t\t\t\t\t\t\t\t\t<span class=\"elementor-icon-list-icon\">\n\t\t\t\t\t\t\t<i aria-hidden=\"true\" class=\"fas fa-phone\"><\/i>\t\t\t\t\t\t<\/span>\n\t\t\t\t\t\t\t\t\t\t<span class=\"elementor-icon-list-text\">+34 926 110 249<\/span>\n\t\t\t\t\t\t\t\t\t<\/li>\n\t\t\t\t\t\t\t\t<li class=\"elementor-icon-list-item elementor-inline-item\">\n\t\t\t\t\t\t\t\t\t\t\t<span class=\"elementor-icon-list-icon\">\n\t\t\t\t\t\t\t<i aria-hidden=\"true\" class=\"fas fa-mobile-alt\"><\/i>\t\t\t\t\t\t<\/span>\n\t\t\t\t\t\t\t\t\t\t<span class=\"elementor-icon-list-text\">+34 663 80 35 81<\/span>\n\t\t\t\t\t\t\t\t\t<\/li>\n\t\t\t\t\t\t\t\t<li class=\"elementor-icon-list-item elementor-inline-item\">\n\t\t\t\t\t\t\t\t\t\t\t<span class=\"elementor-icon-list-icon\">\n\t\t\t\t\t\t\t<i aria-hidden=\"true\" class=\"far fa-envelope\"><\/i>\t\t\t\t\t\t<\/span>\n\t\t\t\t\t\t\t\t\t\t<span class=\"elementor-icon-list-text\"><a>metalmyd@metalmyd.com<\/a><\/span>\n\t\t\t\t\t\t\t\t\t<\/li>\n\t\t\t\t\t\t<\/ul>\n\t\t\t\t\t\t<\/div>\n\t\t\t\t<\/div>\n\t\t\t\t\t<\/div>\n\t\t<\/div>\n\t\t\t\t\t<\/div>\n\t\t<\/section>\n\t\t\t\t<section data-particle_enable=\"false\" data-particle-mobile-disabled=\"false\" class=\"elementor-section elementor-top-section elementor-element elementor-element-cb6e5db elementor-section-boxed elementor-section-height-default elementor-section-height-default\" data-id=\"cb6e5db\" data-element_type=\"section\" data-e-type=\"section\" data-settings=\"{&quot;background_background&quot;:&quot;classic&quot;,&quot;background_motion_fx_motion_fx_scrolling&quot;:&quot;yes&quot;,&quot;background_motion_fx_translateY_effect&quot;:&quot;yes&quot;,&quot;background_motion_fx_translateY_speed&quot;:{&quot;unit&quot;:&quot;px&quot;,&quot;size&quot;:10,&quot;sizes&quot;:[]},&quot;background_motion_fx_scale_effect&quot;:&quot;yes&quot;,&quot;jet_parallax_layout_list&quot;:[],&quot;background_motion_fx_translateY_affectedRange&quot;:{&quot;unit&quot;:&quot;%&quot;,&quot;size&quot;:&quot;&quot;,&quot;sizes&quot;:{&quot;start&quot;:0,&quot;end&quot;:100}},&quot;background_motion_fx_scale_direction&quot;:&quot;out-in&quot;,&quot;background_motion_fx_scale_speed&quot;:{&quot;unit&quot;:&quot;px&quot;,&quot;size&quot;:4,&quot;sizes&quot;:[]},&quot;background_motion_fx_scale_range&quot;:{&quot;unit&quot;:&quot;%&quot;,&quot;size&quot;:&quot;&quot;,&quot;sizes&quot;:{&quot;start&quot;:20,&quot;end&quot;:80}},&quot;background_motion_fx_devices&quot;:[&quot;desktop&quot;,&quot;tablet&quot;,&quot;mobile&quot;]}\">\n\t\t\t\t\t\t<div class=\"elementor-container elementor-column-gap-default\">\n\t\t\t\t\t<div class=\"elementor-column elementor-col-100 elementor-top-column elementor-element elementor-element-8bb3403\" data-id=\"8bb3403\" data-element_type=\"column\" data-e-type=\"column\">\n\t\t\t<div class=\"elementor-widget-wrap elementor-element-populated\">\n\t\t\t\t\t\t<div class=\"elementor-element elementor-element-c9808e9 elementor-widget elementor-widget-heading\" data-id=\"c9808e9\" data-element_type=\"widget\" data-e-type=\"widget\" data-widget_type=\"heading.default\">\n\t\t\t\t<div class=\"elementor-widget-container\">\n\t\t\t\t\t<h2 class=\"elementor-heading-title elementor-size-default\">Request a quote using our personalised form. <\/h2>\t\t\t\t<\/div>\n\t\t\t\t<\/div>\n\t\t\t\t<div class=\"elementor-element elementor-element-80873d6 elementor-align-center elementor-widget elementor-widget-button\" data-id=\"80873d6\" data-element_type=\"widget\" data-e-type=\"widget\" data-widget_type=\"button.default\">\n\t\t\t\t<div class=\"elementor-widget-container\">\n\t\t\t\t\t\t\t\t\t<div class=\"elementor-button-wrapper\">\n\t\t\t\t\t<a class=\"elementor-button elementor-button-link elementor-size-xs\" href=\"https:\/\/www.metalmyd.com\/en\/quotation\/\">\n\t\t\t\t\t\t<span class=\"elementor-button-content-wrapper\">\n\t\t\t\t\t\t\t\t\t<span class=\"elementor-button-text\">Request a quote <\/span>\n\t\t\t\t\t<\/span>\n\t\t\t\t\t<\/a>\n\t\t\t\t<\/div>\n\t\t\t\t\t\t\t\t<\/div>\n\t\t\t\t<\/div>\n\t\t\t\t\t<\/div>\n\t\t<\/div>\n\t\t\t\t\t<\/div>\n\t\t<\/section>\n\t\t\t\t<\/div>\n\t\t<\/div>\n\t\t\t\t\t\t<\/div>\n\t\t\t\t<\/div>\n\t\t\t\t\t<\/div>\n\t\t<\/div>\n\t\t\t\t\t<\/div>\n\t\t<\/section>\n\t\t\t\t<\/div>\n\t\t","protected":false},"excerpt":{"rendered":"<p>Poultry and livestock farms Nave Av\u00edcola Ricla Nave Av\u00edcola Lal\u00edn Nave Av\u00edcola Virgen del Rosario Mainar Nave Av\u00edcola Rujamar II Nave Av\u00edcola Sinarcas II Nave Av\u00edcola Maello Nave Av\u00edcola Bullas II Nave Av\u00edcola Saelices Nave Av\u00edcola Monterde II Nave Av\u00edcola Titaguas Nave Av\u00edcola Ag\u00fcimes Nave Av\u00edcola Sinarcas II Nave Av\u00edcola Sinarcas I Nave Av\u00edcola Valencia [&hellip;]<\/p>\n","protected":false},"author":1,"featured_media":0,"parent":0,"menu_order":0,"comment_status":"closed","ping_status":"closed","template":"elementor_header_footer","meta":{"footnotes":""},"class_list":["post-1459","page","type-page","status-publish","hentry"],"yoast_head":"\n<title>Poultry and livestock farms - MYD Metal y Decoraci\u00f3n<\/title>\n<meta name=\"robots\" content=\"index, follow, max-snippet:-1, max-image-preview:large, max-video-preview:-1\" \/>\n<link rel=\"canonical\" href=\"https:\/\/www.metalmyd.com\/en\/industrial-units\/\" \/>\n<meta property=\"og:locale\" content=\"en_US\" \/>\n<meta property=\"og:type\" content=\"article\" \/>\n<meta property=\"og:title\" content=\"Poultry and livestock farms - MYD Metal y Decoraci\u00f3n\" \/>\n<meta property=\"og:description\" content=\"Poultry and livestock farms Nave Av\u00edcola Ricla Nave Av\u00edcola Lal\u00edn Nave Av\u00edcola Virgen del Rosario Mainar Nave Av\u00edcola Rujamar II Nave Av\u00edcola Sinarcas II Nave Av\u00edcola Maello Nave Av\u00edcola Bullas II Nave Av\u00edcola Saelices Nave Av\u00edcola Monterde II Nave Av\u00edcola Titaguas Nave Av\u00edcola Ag\u00fcimes Nave Av\u00edcola Sinarcas II Nave Av\u00edcola Sinarcas I Nave Av\u00edcola Valencia [&hellip;]\" \/>\n<meta property=\"og:url\" content=\"https:\/\/www.metalmyd.com\/en\/industrial-units\/\" \/>\n<meta property=\"og:site_name\" content=\"MYD Metal y Decoraci\u00f3n\" \/>\n<meta property=\"article:publisher\" content=\"https:\/\/www.facebook.com\/MYDEstructurasMetalicas\" \/>\n<meta property=\"article:modified_time\" content=\"2020-11-21T21:30:38+00:00\" \/>\n<meta property=\"og:image\" content=\"https:\/\/www.metalmyd.com\/wp-content\/uploads\/2020\/10\/IMG_20160524_182710-scaled.jpg\" \/>\n<meta name=\"twitter:card\" content=\"summary_large_image\" \/>\n<script type=\"application\/ld+json\" class=\"yoast-schema-graph\">{\"@context\":\"https:\\\/\\\/schema.org\",\"@graph\":[{\"@type\":\"WebPage\",\"@id\":\"https:\\\/\\\/www.metalmyd.com\\\/en\\\/industrial-units\\\/\",\"url\":\"https:\\\/\\\/www.metalmyd.com\\\/en\\\/industrial-units\\\/\",\"name\":\"Poultry and livestock farms - MYD Metal y Decoraci\u00f3n\",\"isPartOf\":{\"@id\":\"https:\\\/\\\/www.metalmyd.com\\\/en\\\/#website\"},\"primaryImageOfPage\":{\"@id\":\"https:\\\/\\\/www.metalmyd.com\\\/en\\\/industrial-units\\\/#primaryimage\"},\"image\":{\"@id\":\"https:\\\/\\\/www.metalmyd.com\\\/en\\\/industrial-units\\\/#primaryimage\"},\"thumbnailUrl\":\"https:\\\/\\\/www.metalmyd.com\\\/wp-content\\\/uploads\\\/2020\\\/10\\\/IMG_20160524_182710-scaled.jpg\",\"datePublished\":\"2020-11-21T19:47:32+00:00\",\"dateModified\":\"2020-11-21T21:30:38+00:00\",\"breadcrumb\":{\"@id\":\"https:\\\/\\\/www.metalmyd.com\\\/en\\\/industrial-units\\\/#breadcrumb\"},\"inLanguage\":\"en-US\",\"potentialAction\":[{\"@type\":\"ReadAction\",\"target\":[\"https:\\\/\\\/www.metalmyd.com\\\/en\\\/industrial-units\\\/\"]}]},{\"@type\":\"ImageObject\",\"inLanguage\":\"en-US\",\"@id\":\"https:\\\/\\\/www.metalmyd.com\\\/en\\\/industrial-units\\\/#primaryimage\",\"url\":\"https:\\\/\\\/www.metalmyd.com\\\/wp-content\\\/uploads\\\/2020\\\/10\\\/IMG_20160524_182710-scaled.jpg\",\"contentUrl\":\"https:\\\/\\\/www.metalmyd.com\\\/wp-content\\\/uploads\\\/2020\\\/10\\\/IMG_20160524_182710-scaled.jpg\"},{\"@type\":\"BreadcrumbList\",\"@id\":\"https:\\\/\\\/www.metalmyd.com\\\/en\\\/industrial-units\\\/#breadcrumb\",\"itemListElement\":[{\"@type\":\"ListItem\",\"position\":1,\"name\":\"Portada\",\"item\":\"https:\\\/\\\/www.metalmyd.com\\\/en\\\/\"},{\"@type\":\"ListItem\",\"position\":2,\"name\":\"Poultry and livestock farms\"}]},{\"@type\":\"WebSite\",\"@id\":\"https:\\\/\\\/www.metalmyd.com\\\/en\\\/#website\",\"url\":\"https:\\\/\\\/www.metalmyd.com\\\/en\\\/\",\"name\":\"MYD Metal y Decoraci\u00f3n\",\"description\":\"Estructuras Met\u00e1licas\",\"publisher\":{\"@id\":\"https:\\\/\\\/www.metalmyd.com\\\/en\\\/#organization\"},\"potentialAction\":[{\"@type\":\"SearchAction\",\"target\":{\"@type\":\"EntryPoint\",\"urlTemplate\":\"https:\\\/\\\/www.metalmyd.com\\\/en\\\/?s={search_term_string}\"},\"query-input\":{\"@type\":\"PropertyValueSpecification\",\"valueRequired\":true,\"valueName\":\"search_term_string\"}}],\"inLanguage\":\"en-US\"},{\"@type\":\"Organization\",\"@id\":\"https:\\\/\\\/www.metalmyd.com\\\/en\\\/#organization\",\"name\":\"M&D Estructuras Met\u00e1licas\",\"url\":\"https:\\\/\\\/www.metalmyd.com\\\/en\\\/\",\"logo\":{\"@type\":\"ImageObject\",\"inLanguage\":\"en-US\",\"@id\":\"https:\\\/\\\/www.metalmyd.com\\\/en\\\/#\\\/schema\\\/logo\\\/image\\\/\",\"url\":\"https:\\\/\\\/www.metalmyd.com\\\/wp-content\\\/uploads\\\/2020\\\/07\\\/logo-color.png\",\"contentUrl\":\"https:\\\/\\\/www.metalmyd.com\\\/wp-content\\\/uploads\\\/2020\\\/07\\\/logo-color.png\",\"width\":878,\"height\":428,\"caption\":\"M&D Estructuras Met\u00e1licas\"},\"image\":{\"@id\":\"https:\\\/\\\/www.metalmyd.com\\\/en\\\/#\\\/schema\\\/logo\\\/image\\\/\"},\"sameAs\":[\"https:\\\/\\\/www.facebook.com\\\/MYDEstructurasMetalicas\",\"https:\\\/\\\/www.instagram.com\\\/metalmyd\\\/\",\"https:\\\/\\\/www.youtube.com\\\/channel\\\/UCj9Xwwz4xF0LZVhZkJ1pvWQ\"]}]}<\/script>\n","yoast_head_json":{"title":"Poultry and livestock farms - MYD Metal y Decoraci\u00f3n","robots":{"index":"index","follow":"follow","max-snippet":"max-snippet:-1","max-image-preview":"max-image-preview:large","max-video-preview":"max-video-preview:-1"},"canonical":"https:\/\/www.metalmyd.com\/en\/industrial-units\/","og_locale":"en_US","og_type":"article","og_title":"Poultry and livestock farms - MYD Metal y Decoraci\u00f3n","og_description":"Poultry and livestock farms Nave Av\u00edcola Ricla Nave Av\u00edcola Lal\u00edn Nave Av\u00edcola Virgen del Rosario Mainar Nave Av\u00edcola Rujamar II Nave Av\u00edcola Sinarcas II Nave Av\u00edcola Maello Nave Av\u00edcola Bullas II Nave Av\u00edcola Saelices Nave Av\u00edcola Monterde II Nave Av\u00edcola Titaguas Nave Av\u00edcola Ag\u00fcimes Nave Av\u00edcola Sinarcas II Nave Av\u00edcola Sinarcas I Nave Av\u00edcola Valencia [&hellip;]","og_url":"https:\/\/www.metalmyd.com\/en\/industrial-units\/","og_site_name":"MYD Metal y Decoraci\u00f3n","article_publisher":"https:\/\/www.facebook.com\/MYDEstructurasMetalicas","article_modified_time":"2020-11-21T21:30:38+00:00","og_image":[{"url":"https:\/\/www.metalmyd.com\/wp-content\/uploads\/2020\/10\/IMG_20160524_182710-scaled.jpg","type":"","width":"","height":""}],"twitter_card":"summary_large_image","schema":{"@context":"https:\/\/schema.org","@graph":[{"@type":"WebPage","@id":"https:\/\/www.metalmyd.com\/en\/industrial-units\/","url":"https:\/\/www.metalmyd.com\/en\/industrial-units\/","name":"Poultry and livestock farms - MYD Metal y Decoraci\u00f3n","isPartOf":{"@id":"https:\/\/www.metalmyd.com\/en\/#website"},"primaryImageOfPage":{"@id":"https:\/\/www.metalmyd.com\/en\/industrial-units\/#primaryimage"},"image":{"@id":"https:\/\/www.metalmyd.com\/en\/industrial-units\/#primaryimage"},"thumbnailUrl":"https:\/\/www.metalmyd.com\/wp-content\/uploads\/2020\/10\/IMG_20160524_182710-scaled.jpg","datePublished":"2020-11-21T19:47:32+00:00","dateModified":"2020-11-21T21:30:38+00:00","breadcrumb":{"@id":"https:\/\/www.metalmyd.com\/en\/industrial-units\/#breadcrumb"},"inLanguage":"en-US","potentialAction":[{"@type":"ReadAction","target":["https:\/\/www.metalmyd.com\/en\/industrial-units\/"]}]},{"@type":"ImageObject","inLanguage":"en-US","@id":"https:\/\/www.metalmyd.com\/en\/industrial-units\/#primaryimage","url":"https:\/\/www.metalmyd.com\/wp-content\/uploads\/2020\/10\/IMG_20160524_182710-scaled.jpg","contentUrl":"https:\/\/www.metalmyd.com\/wp-content\/uploads\/2020\/10\/IMG_20160524_182710-scaled.jpg"},{"@type":"BreadcrumbList","@id":"https:\/\/www.metalmyd.com\/en\/industrial-units\/#breadcrumb","itemListElement":[{"@type":"ListItem","position":1,"name":"Portada","item":"https:\/\/www.metalmyd.com\/en\/"},{"@type":"ListItem","position":2,"name":"Poultry and livestock farms"}]},{"@type":"WebSite","@id":"https:\/\/www.metalmyd.com\/en\/#website","url":"https:\/\/www.metalmyd.com\/en\/","name":"MYD Metal y Decoraci\u00f3n","description":"Estructuras Met\u00e1licas","publisher":{"@id":"https:\/\/www.metalmyd.com\/en\/#organization"},"potentialAction":[{"@type":"SearchAction","target":{"@type":"EntryPoint","urlTemplate":"https:\/\/www.metalmyd.com\/en\/?s={search_term_string}"},"query-input":{"@type":"PropertyValueSpecification","valueRequired":true,"valueName":"search_term_string"}}],"inLanguage":"en-US"},{"@type":"Organization","@id":"https:\/\/www.metalmyd.com\/en\/#organization","name":"M&D Estructuras Met\u00e1licas","url":"https:\/\/www.metalmyd.com\/en\/","logo":{"@type":"ImageObject","inLanguage":"en-US","@id":"https:\/\/www.metalmyd.com\/en\/#\/schema\/logo\/image\/","url":"https:\/\/www.metalmyd.com\/wp-content\/uploads\/2020\/07\/logo-color.png","contentUrl":"https:\/\/www.metalmyd.com\/wp-content\/uploads\/2020\/07\/logo-color.png","width":878,"height":428,"caption":"M&D Estructuras Met\u00e1licas"},"image":{"@id":"https:\/\/www.metalmyd.com\/en\/#\/schema\/logo\/image\/"},"sameAs":["https:\/\/www.facebook.com\/MYDEstructurasMetalicas","https:\/\/www.instagram.com\/metalmyd\/","https:\/\/www.youtube.com\/channel\/UCj9Xwwz4xF0LZVhZkJ1pvWQ"]}]}},"_links":{"self":[{"href":"https:\/\/www.metalmyd.com\/en\/wp-json\/wp\/v2\/pages\/1459","targetHints":{"allow":["GET"]}}],"collection":[{"href":"https:\/\/www.metalmyd.com\/en\/wp-json\/wp\/v2\/pages"}],"about":[{"href":"https:\/\/www.metalmyd.com\/en\/wp-json\/wp\/v2\/types\/page"}],"author":[{"embeddable":true,"href":"https:\/\/www.metalmyd.com\/en\/wp-json\/wp\/v2\/users\/1"}],"replies":[{"embeddable":true,"href":"https:\/\/www.metalmyd.com\/en\/wp-json\/wp\/v2\/comments?post=1459"}],"version-history":[{"count":0,"href":"https:\/\/www.metalmyd.com\/en\/wp-json\/wp\/v2\/pages\/1459\/revisions"}],"wp:attachment":[{"href":"https:\/\/www.metalmyd.com\/en\/wp-json\/wp\/v2\/media?parent=1459"}],"curies":[{"name":"wp","href":"https:\/\/api.w.org\/{rel}","templated":true}]}}